{"id":31,"date":"2020-10-11T15:03:18","date_gmt":"2020-10-11T15:03:18","guid":{"rendered":"http:\/\/margelles.emediasolutions.ca\/?page_id=31"},"modified":"2025-01-18T00:56:20","modified_gmt":"2025-01-18T00:56:20","slug":"why_have_a_pool","status":"publish","type":"page","link":"https:\/\/margellesdecors.com\/fr\/why_have_a_pool\/","title":{"rendered":"POURQUOI AVOIR UNE PISCINE ?"},"content":{"rendered":"[et_pb_section fb_built=&#8221;1&#8243; admin_label=&#8221;Hero&#8221; _builder_version=&#8221;4.6.6&#8243; use_background_color_gradient=&#8221;on&#8221; background_color_gradient_start=&#8221;rgba(0,0,0,0.6)&#8221; background_color_gradient_end=&#8221;rgba(0,0,0,0.6)&#8221; background_image=&#8221;https:\/\/margellesdecors.com\/wp-content\/uploads\/2020\/10\/header-margelles-why-pool.jpg&#8221; custom_margin_tablet=&#8221;&#8221; custom_margin_phone=&#8221;|||-110px|false|false&#8221; custom_margin_last_edited=&#8221;on|desktop&#8221; custom_padding=&#8221;110px|0px|110px|0px|false|false&#8221; animation_style=&#8221;zoom&#8221; animation_intensity_zoom=&#8221;4%&#8221;][et_pb_row _builder_version=&#8221;4.6.5&#8243; background_size=&#8221;initial&#8221; background_position=&#8221;top_left&#8221; background_repeat=&#8221;repeat&#8221; custom_margin=&#8221;|||160px|false|false&#8221; custom_padding=&#8221;||||false|false&#8221; animation_style=&#8221;slide&#8221; animation_direction=&#8221;top&#8221; animation_intensity_slide=&#8221;3%&#8221;][et_pb_column type=&#8221;4_4&#8243; _builder_version=&#8221;3.25&#8243; custom_padding=&#8221;|||&#8221; custom_padding__hover=&#8221;|||&#8221;][et_pb_text _builder_version=&#8221;4.7.7&#8243; text_font=&#8221;||||||||&#8221; header_font=&#8221;Raleway|600||on|||||&#8221; header_text_align=&#8221;left&#8221; header_text_color=&#8221;#ffffff&#8221; header_font_size=&#8221;50px&#8221; header_letter_spacing=&#8221;10px&#8221; header_line_height=&#8221;1.2em&#8221; header_2_font=&#8221;||||||||&#8221; background_size=&#8221;initial&#8221; background_position=&#8221;top_left&#8221; background_repeat=&#8221;repeat&#8221; custom_margin=&#8221;|||&#8221; animation_style=&#8221;fade&#8221; header_font_size_tablet=&#8221;40px&#8221; header_font_size_phone=&#8221;30px&#8221; header_font_size_last_edited=&#8221;on|phone&#8221; header_text_shadow_style=&#8221;preset2&#8243; locked=&#8221;off&#8221;]<h1>POURQUOI AVOIR UNE PISCINE ?<\/h1>[\/et_pb_text][\/et_pb_column][\/et_pb_row][\/et_pb_section][et_pb_section fb_built=&#8221;1&#8243; _builder_version=&#8221;3.23.3&#8243; custom_padding=&#8221;20px||20px||true|&#8221;][et_pb_row use_custom_gutter=&#8221;on&#8221; gutter_width=&#8221;2&#8243; make_equal=&#8221;on&#8221; _builder_version=&#8221;3.25.4&#8243; width_tablet=&#8221;90%&#8221; width_phone=&#8221;90%&#8221; width_last_edited=&#8221;off|phone&#8221; max_width_tablet=&#8221;90%&#8221; max_width_phone=&#8221;90%&#8221; max_width_last_edited=&#8221;off|tablet&#8221; animation_direction=&#8221;bottom&#8221;][et_pb_column type=&#8221;4_4&#8243; _builder_version=&#8221;3.25&#8243; custom_padding=&#8221;|||&#8221; custom_padding__hover=&#8221;|||&#8221;][et_pb_text _builder_version=&#8221;4.7.7&#8243; text_font=&#8221;Muli||||||||&#8221; text_text_color=&#8221;#5499D4&#8243; text_font_size=&#8221;16px&#8221; header_font=&#8221;Raleway|800|||||||&#8221; header_text_align=&#8221;center&#8221; header_text_color=&#8221;#000000&#8243; header_font_size=&#8221;40px&#8221; header_letter_spacing=&#8221;3px&#8221; header_line_height=&#8221;1.4em&#8221; text_orientation=&#8221;center&#8221; max_width=&#8221;986px&#8221; module_alignment=&#8221;center&#8221; custom_margin=&#8221;|116px||||&#8221; custom_margin_tablet=&#8221;-10px||&#8221; custom_margin_phone=&#8221;-10px||&#8221; custom_margin_last_edited=&#8221;on|tablet&#8221; header_font_size_tablet=&#8221;&#8221; header_font_size_phone=&#8221;25px&#8221; header_font_size_last_edited=&#8221;on|desktop&#8221;]<h1><strong>10 bonnes raisons d'avoir une piscine<\/strong><\/h1>[\/et_pb_text][et_pb_divider color=&#8221;#ffcc00&#8243; divider_weight=&#8221;2px&#8221; _builder_version=&#8221;4.6.6&#8243; max_width=&#8221;80px&#8221; module_alignment=&#8221;center&#8221;][\/et_pb_divider][\/et_pb_column][\/et_pb_row][et_pb_row _builder_version=&#8221;3.25&#8243;][et_pb_column type=&#8221;4_4&#8243; _builder_version=&#8221;3.25&#8243; custom_padding=&#8221;|||&#8221; custom_padding__hover=&#8221;|||&#8221;][et_pb_text _builder_version=&#8221;4.7.7&#8243; text_font=&#8221;Raleway||||||||&#8221; text_text_color=&#8221;#000000&#8243; text_font_size=&#8221;15px&#8221; text_letter_spacing=&#8221;1px&#8221; text_line_height=&#8221;1.8em&#8221; header_font=&#8221;||||||||&#8221; header_2_font=&#8221;||||||||&#8221; header_2_font_size=&#8221;15px&#8221; max_width=&#8221;938px&#8221; module_alignment=&#8221;center&#8221; custom_margin=&#8221;-30px||&#8221;]<p style=\"text-align: center;\">Il y a d'innombrables avantages \u00e0 poss\u00e9der une piscine. Apr\u00e8s une longue journ\u00e9e de travail, rien de tel qu'un plongeon rafra\u00eechissant dans votre piscine priv\u00e9e. Que vous souhaitiez un refuge priv\u00e9 \u00e0 l'\u00e9cart du monde ou un lieu de f\u00eate pour recevoir votre famille et vos amis, voici quelques-uns des innombrables plaisirs et avantages que procure la possession d'une piscine priv\u00e9e.<\/p>[\/et_pb_text][\/et_pb_column][\/et_pb_row][\/et_pb_section][et_pb_section fb_built=&#8221;1&#8243; _builder_version=&#8221;3.22.3&#8243; custom_padding=&#8221;3px|0px|3px|0px|true|false&#8221;][et_pb_row column_structure=&#8221;2_3,1_3&#8243; use_custom_gutter=&#8221;on&#8221; gutter_width=&#8221;1&#8243; make_equal=&#8221;on&#8221; padding_top_bottom_link_2=&#8221;true&#8221; padding_left_right_link_2=&#8221;true&#8221; _builder_version=&#8221;4.6.6&#8243; custom_padding=&#8221;||13px|||&#8221;][et_pb_column type=&#8221;2_3&#8243; _builder_version=&#8221;4.6.6&#8243; background_image=&#8221;https:\/\/margellesdecors.com\/wp-content\/uploads\/2020\/10\/why-pool1.jpg&#8221; custom_padding=&#8221;|||&#8221; custom_padding__hover=&#8221;|||&#8221;][et_pb_divider color=&#8221;rgba(0,0,0,0)&#8221; disabled_on=&#8221;off|off|on&#8221; _builder_version=&#8221;3.23.3&#8243; custom_padding=&#8221;150px||150px||true&#8221;][\/et_pb_divider][\/et_pb_column][et_pb_column type=&#8221;1_3&#8243; _builder_version=&#8221;3.25&#8243; background_color=&#8221;#ededed&#8221; custom_padding=&#8221;7%|4%|7%|4%&#8221; custom_padding__hover=&#8221;|||&#8221;][et_pb_text _builder_version=&#8221;4.7.7&#8243; text_font=&#8221;Raleway||||||||&#8221; text_text_color=&#8221;#000000&#8243; text_font_size=&#8221;15px&#8221; text_letter_spacing=&#8221;1px&#8221; text_line_height=&#8221;1.8em&#8221; header_font=&#8221;Poppins|600|||||||&#8221; header_text_color=&#8221;#000000&#8243; header_line_height=&#8221;1.3em&#8221; header_font_size_tablet=&#8221;&#8221; header_font_size_phone=&#8221;25px&#8221; header_font_size_last_edited=&#8221;on|desktop&#8221;]<h1 style=\"text-align: center;\"><strong>Passez du temps de qualit\u00e9 avec votre famille<\/strong><\/h1>\n<p style=\"text-align: justify;\">Lorsque vous construisez une piscine, vous cr\u00e9ez en fait une escapade amusante et relaxante pour que votre famille passe du temps de qualit\u00e9 ensemble ! Cela vous permettra de cr\u00e9er des souvenirs inoubliables que vous pourrez ch\u00e9rir toute votre vie.<\/p>[\/et_pb_text][\/et_pb_column][\/et_pb_row][et_pb_row column_structure=&#8221;1_3,2_3&#8243; use_custom_gutter=&#8221;on&#8221; gutter_width=&#8221;1&#8243; make_equal=&#8221;on&#8221; padding_top_bottom_link_1=&#8221;true&#8221; padding_top_bottom_link_2=&#8221;true&#8221; padding_left_right_link_1=&#8221;true&#8221; padding_left_right_link_2=&#8221;true&#8221; _builder_version=&#8221;4.6.6&#8243;][et_pb_column type=&#8221;1_3&#8243; _builder_version=&#8221;3.25&#8243; background_color=&#8221;#ededed&#8221; custom_padding=&#8221;7%|4%|7%|4%&#8221; custom_padding__hover=&#8221;|||&#8221;][et_pb_text _builder_version=&#8221;4.7.7&#8243; text_font=&#8221;Raleway||||||||&#8221; text_text_color=&#8221;#000000&#8243; text_font_size=&#8221;15px&#8221; text_letter_spacing=&#8221;1px&#8221; text_line_height=&#8221;1.8em&#8221; header_font=&#8221;Poppins|600|||||||&#8221; header_text_color=&#8221;#000000&#8243; header_line_height=&#8221;1.3em&#8221; header_font_size_tablet=&#8221;&#8221; header_font_size_phone=&#8221;25px&#8221; header_font_size_last_edited=&#8221;on|desktop&#8221;]<h1 style=\"text-align: center;\"><strong>Un endroit pour se d\u00e9tendre et se relaxer<\/strong><\/h1>\n<p style=\"text-align: justify;\">Une piscine offre un environnement serein pour se d\u00e9tendre apr\u00e8s une journ\u00e9e fatigante. Se baigner dans la piscine aide votre corps \u00e0 se d\u00e9tendre, r\u00e9duit le stress et am\u00e9liore le sommeil. Il n'est pas toujours n\u00e9cessaire de se baigner, le simple fait d'\u00eatre au bord de la piscine d\u00e9tend souvent l'esprit. Ce n'est peut-\u00eatre pas aussi bien que des vacances, mais une soir\u00e9e au bord de la piscine peut ressembler \u00e0 des mini-vacances.<\/p>[\/et_pb_text][\/et_pb_column][et_pb_column type=&#8221;2_3&#8243; _builder_version=&#8221;4.6.6&#8243; background_image=&#8221;https:\/\/margellesdecors.com\/wp-content\/uploads\/2020\/10\/why-pool2.jpg&#8221; custom_padding=&#8221;|||&#8221; custom_padding__hover=&#8221;|||&#8221;][et_pb_divider color=&#8221;rgba(0,0,0,0)&#8221; disabled_on=&#8221;off|off|on&#8221; _builder_version=&#8221;3.23.3&#8243; custom_padding=&#8221;150px||150px||true&#8221;][\/et_pb_divider][\/et_pb_column][\/et_pb_row][\/et_pb_section][et_pb_section fb_built=&#8221;1&#8243; _builder_version=&#8221;3.22.3&#8243; custom_padding=&#8221;3px|0px|3px|0px|true|false&#8221;][et_pb_row column_structure=&#8221;2_3,1_3&#8243; use_custom_gutter=&#8221;on&#8221; gutter_width=&#8221;1&#8243; make_equal=&#8221;on&#8221; padding_top_bottom_link_2=&#8221;true&#8221; padding_left_right_link_2=&#8221;true&#8221; _builder_version=&#8221;4.6.6&#8243; custom_padding=&#8221;||13px|||&#8221;][et_pb_column type=&#8221;2_3&#8243; _builder_version=&#8221;4.6.6&#8243; background_image=&#8221;https:\/\/margellesdecors.com\/wp-content\/uploads\/2020\/10\/why-pool3.jpg&#8221; custom_padding=&#8221;|||&#8221; custom_padding__hover=&#8221;|||&#8221;][et_pb_divider color=&#8221;rgba(0,0,0,0)&#8221; disabled_on=&#8221;off|off|on&#8221; _builder_version=&#8221;3.23.3&#8243; custom_padding=&#8221;150px||150px||true&#8221;][\/et_pb_divider][\/et_pb_column][et_pb_column type=&#8221;1_3&#8243; _builder_version=&#8221;3.25&#8243; background_color=&#8221;#ededed&#8221; custom_padding=&#8221;7%|4%|7%|4%&#8221; custom_padding__hover=&#8221;|||&#8221;][et_pb_text _builder_version=&#8221;4.7.7&#8243; text_font=&#8221;Raleway||||||||&#8221; text_text_color=&#8221;#000000&#8243; text_font_size=&#8221;15px&#8221; text_letter_spacing=&#8221;1px&#8221; text_line_height=&#8221;1.8em&#8221; header_font=&#8221;Poppins|600|||||||&#8221; header_text_color=&#8221;#000000&#8243; header_line_height=&#8221;1.3em&#8221; header_font_size_tablet=&#8221;&#8221; header_font_size_phone=&#8221;25px&#8221; header_font_size_last_edited=&#8221;on|desktop&#8221;]<h1 style=\"text-align: center;\"><strong>Sant\u00e9 et forme physique<\/strong><\/h1>\n<p style=\"text-align: justify;\">L'un des plus grands avantages de poss\u00e9der une piscine est de pouvoir am\u00e9liorer votre sant\u00e9 et votre condition physique. Lorsque vous nagez, vous exercez la plupart des muscles de votre corps, contrairement \u00e0 d'autres entra\u00eenements qui ciblent des zones sp\u00e9cifiques. La natation tonifiera tout votre corps et vous mettra en forme en un rien de temps !<\/p>[\/et_pb_text][\/et_pb_column][\/et_pb_row][et_pb_row column_structure=&#8221;1_3,2_3&#8243; use_custom_gutter=&#8221;on&#8221; gutter_width=&#8221;1&#8243; make_equal=&#8221;on&#8221; padding_top_bottom_link_1=&#8221;true&#8221; padding_top_bottom_link_2=&#8221;true&#8221; padding_left_right_link_1=&#8221;true&#8221; padding_left_right_link_2=&#8221;true&#8221; _builder_version=&#8221;4.6.6&#8243;][et_pb_column type=&#8221;1_3&#8243; _builder_version=&#8221;3.25&#8243; background_color=&#8221;#ededed&#8221; custom_padding=&#8221;7%|4%|7%|4%&#8221; custom_padding__hover=&#8221;|||&#8221;][et_pb_text _builder_version=&#8221;4.7.7&#8243; text_font=&#8221;Raleway||||||||&#8221; text_text_color=&#8221;#000000&#8243; text_font_size=&#8221;15px&#8221; text_line_height=&#8221;1.8em&#8221; header_font=&#8221;Poppins|600|||||||&#8221; header_text_color=&#8221;#000000&#8243; header_line_height=&#8221;1.3em&#8221; header_font_size_tablet=&#8221;&#8221; header_font_size_phone=&#8221;25px&#8221; header_font_size_last_edited=&#8221;on|desktop&#8221;]<h1 style=\"text-align: center;\"><strong>Profitez d'une grande intimit\u00e9<\/strong><\/h1>\n<p style=\"text-align: justify;\">Vous en conviendrez, se baigner dans une piscine publique et se baigner dans une piscine priv\u00e9e sont deux exp\u00e9riences compl\u00e8tement diff\u00e9rentes. R\u00e9fugiez-vous dans votre jardin et oubliez la foule, les cris et les plongeons des autres baigneurs.<\/p>[\/et_pb_text][\/et_pb_column][et_pb_column type=&#8221;2_3&#8243; _builder_version=&#8221;4.6.6&#8243; background_image=&#8221;https:\/\/margellesdecors.com\/wp-content\/uploads\/2020\/10\/why-pool4.jpg&#8221; custom_padding=&#8221;|||&#8221; custom_padding__hover=&#8221;|||&#8221;][et_pb_divider color=&#8221;rgba(0,0,0,0)&#8221; disabled_on=&#8221;off|off|on&#8221; _builder_version=&#8221;3.23.3&#8243; custom_padding=&#8221;150px||150px||true&#8221;][\/et_pb_divider][\/et_pb_column][\/et_pb_row][\/et_pb_section][et_pb_section fb_built=&#8221;1&#8243; _builder_version=&#8221;3.22.3&#8243; custom_padding=&#8221;3px|0px|3px|0px|true|false&#8221;][et_pb_row column_structure=&#8221;2_3,1_3&#8243; use_custom_gutter=&#8221;on&#8221; gutter_width=&#8221;1&#8243; make_equal=&#8221;on&#8221; padding_top_bottom_link_2=&#8221;true&#8221; padding_left_right_link_2=&#8221;true&#8221; _builder_version=&#8221;4.6.6&#8243; custom_padding=&#8221;||13px|||&#8221;][et_pb_column type=&#8221;2_3&#8243; _builder_version=&#8221;4.6.6&#8243; background_image=&#8221;https:\/\/margellesdecors.com\/wp-content\/uploads\/2020\/10\/why-pool5.jpg&#8221; custom_padding=&#8221;|||&#8221; custom_padding__hover=&#8221;|||&#8221;][et_pb_divider color=&#8221;rgba(0,0,0,0)&#8221; disabled_on=&#8221;off|off|on&#8221; _builder_version=&#8221;3.23.3&#8243; custom_padding=&#8221;150px||150px||true&#8221;][\/et_pb_divider][\/et_pb_column][et_pb_column type=&#8221;1_3&#8243; _builder_version=&#8221;3.25&#8243; background_color=&#8221;#ededed&#8221; custom_padding=&#8221;7%|4%|7%|4%&#8221; custom_padding__hover=&#8221;|||&#8221;][et_pb_text _builder_version=&#8221;4.7.7&#8243; text_font=&#8221;Raleway||||||||&#8221; text_text_color=&#8221;#000000&#8243; text_font_size=&#8221;15px&#8221; text_letter_spacing=&#8221;1px&#8221; text_line_height=&#8221;1.8em&#8221; header_font=&#8221;Poppins|600|||||||&#8221; header_text_color=&#8221;#000000&#8243; header_line_height=&#8221;1.3em&#8221; header_font_size_tablet=&#8221;&#8221; header_font_size_phone=&#8221;25px&#8221; header_font_size_last_edited=&#8221;on|desktop&#8221;]<h1 style=\"text-align: center;\"><strong>Se rafra\u00eechir en \u00e9t\u00e9<\/strong><\/h1>\n<p style=\"text-align: justify;\">En ces jours d'\u00e9t\u00e9 plus chauds, il n'y a rien de plus satisfaisant que de pouvoir se rafra\u00eechir avec un plongeon dans la piscine sans avoir \u00e0 quitter sa maison.<\/p>[\/et_pb_text][\/et_pb_column][\/et_pb_row][et_pb_row column_structure=&#8221;1_3,2_3&#8243; use_custom_gutter=&#8221;on&#8221; gutter_width=&#8221;1&#8243; make_equal=&#8221;on&#8221; padding_top_bottom_link_1=&#8221;true&#8221; padding_top_bottom_link_2=&#8221;true&#8221; padding_left_right_link_1=&#8221;true&#8221; padding_left_right_link_2=&#8221;true&#8221; _builder_version=&#8221;4.6.6&#8243;][et_pb_column type=&#8221;1_3&#8243; _builder_version=&#8221;3.25&#8243; background_color=&#8221;#ededed&#8221; custom_padding=&#8221;7%|4%|7%|4%&#8221; custom_padding__hover=&#8221;|||&#8221;][et_pb_text _builder_version=&#8221;4.7.7&#8243; text_font=&#8221;Raleway||||||||&#8221; text_text_color=&#8221;#000000&#8243; text_font_size=&#8221;15px&#8221; text_letter_spacing=&#8221;1px&#8221; text_line_height=&#8221;1.8em&#8221; header_font=&#8221;Poppins|600|||||||&#8221; header_text_color=&#8221;#000000&#8243; header_line_height=&#8221;1.3em&#8221; header_font_size_tablet=&#8221;&#8221; header_font_size_phone=&#8221;25px&#8221; header_font_size_last_edited=&#8221;on|desktop&#8221;]<h1 style=\"text-align: center;\"><strong>Divertissez votre famille et vos amis<\/strong><\/h1>\n<p style=\"text-align: justify;\">Une piscine est un endroit fantastique pour divertir la famille et les amis. Offrez \u00e0 vos enfants l'anniversaire de leur vie ou invitez vos amis et voisins pour un barbecue au bord de la piscine ou un plongeon dans l'eau.<\/p>[\/et_pb_text][\/et_pb_column][et_pb_column type=&#8221;2_3&#8243; _builder_version=&#8221;4.6.6&#8243; background_image=&#8221;https:\/\/margellesdecors.com\/wp-content\/uploads\/2020\/10\/why-pool6.jpg&#8221; custom_padding=&#8221;|||&#8221; custom_padding__hover=&#8221;|||&#8221;][et_pb_divider color=&#8221;rgba(0,0,0,0)&#8221; disabled_on=&#8221;off|off|on&#8221; _builder_version=&#8221;3.23.3&#8243; custom_padding=&#8221;150px||150px||true&#8221;][\/et_pb_divider][\/et_pb_column][\/et_pb_row][\/et_pb_section][et_pb_section fb_built=&#8221;1&#8243; _builder_version=&#8221;3.22.3&#8243; custom_padding=&#8221;3px|0px|3px|0px|true|false&#8221;][et_pb_row column_structure=&#8221;2_3,1_3&#8243; use_custom_gutter=&#8221;on&#8221; gutter_width=&#8221;1&#8243; make_equal=&#8221;on&#8221; padding_top_bottom_link_2=&#8221;true&#8221; padding_left_right_link_2=&#8221;true&#8221; _builder_version=&#8221;4.6.6&#8243; custom_padding=&#8221;||13px|||&#8221;][et_pb_column type=&#8221;2_3&#8243; _builder_version=&#8221;4.6.6&#8243; background_image=&#8221;https:\/\/margellesdecors.com\/wp-content\/uploads\/2020\/10\/why-pool7.jpg&#8221; custom_padding=&#8221;|||&#8221; custom_padding__hover=&#8221;|||&#8221;][et_pb_divider color=&#8221;rgba(0,0,0,0)&#8221; disabled_on=&#8221;off|off|on&#8221; _builder_version=&#8221;3.23.3&#8243; custom_padding=&#8221;150px||150px||true&#8221;][\/et_pb_divider][\/et_pb_column][et_pb_column type=&#8221;1_3&#8243; _builder_version=&#8221;3.25&#8243; background_color=&#8221;#ededed&#8221; custom_padding=&#8221;7%|4%|7%|4%&#8221; custom_padding__hover=&#8221;|||&#8221;][et_pb_text _builder_version=&#8221;4.7.7&#8243; text_font=&#8221;Raleway||||||||&#8221; text_text_color=&#8221;#000000&#8243; text_font_size=&#8221;15px&#8221; text_letter_spacing=&#8221;1px&#8221; text_line_height=&#8221;1.8em&#8221; header_font=&#8221;Poppins|600|||||||&#8221; header_text_color=&#8221;#000000&#8243; header_line_height=&#8221;1.3em&#8221; header_font_size_tablet=&#8221;&#8221; header_font_size_phone=&#8221;25px&#8221; header_font_size_last_edited=&#8221;on|desktop&#8221;]<h1 style=\"text-align: center;\"><strong>Occuper les enfants en toute s\u00e9curit\u00e9 \u00e0 la maison<\/strong><\/h1>\n<p style=\"text-align: justify;\">Les vacances scolaires et les week-ends peuvent sembler un peu d\u00e9courageants, car il faut trouver des activit\u00e9s divertissantes pour les enfants qui ne feront pas sauter la banque. Une piscine \u00e0 la maison offre des heures de plaisir aux enfants, o\u00f9 vous pouvez veiller \u00e0 leur s\u00e9curit\u00e9 sans avoir \u00e0 quitter la maison.<\/p>[\/et_pb_text][\/et_pb_column][\/et_pb_row][et_pb_row column_structure=&#8221;1_3,2_3&#8243; use_custom_gutter=&#8221;on&#8221; gutter_width=&#8221;1&#8243; make_equal=&#8221;on&#8221; padding_top_bottom_link_1=&#8221;true&#8221; padding_top_bottom_link_2=&#8221;true&#8221; padding_left_right_link_1=&#8221;true&#8221; padding_left_right_link_2=&#8221;true&#8221; _builder_version=&#8221;4.6.6&#8243;][et_pb_column type=&#8221;1_3&#8243; _builder_version=&#8221;3.25&#8243; background_color=&#8221;#ededed&#8221; custom_padding=&#8221;7%|4%|7%|4%&#8221; custom_padding__hover=&#8221;|||&#8221;][et_pb_text _builder_version=&#8221;4.7.7&#8243; text_font=&#8221;Raleway||||||||&#8221; text_text_color=&#8221;#000000&#8243; text_font_size=&#8221;15px&#8221; text_letter_spacing=&#8221;1px&#8221; text_line_height=&#8221;1.8em&#8221; header_font=&#8221;Poppins|600|||||||&#8221; header_text_color=&#8221;#000000&#8243; header_line_height=&#8221;1.3em&#8221; header_font_size_tablet=&#8221;&#8221; header_font_size_phone=&#8221;25px&#8221; header_font_size_last_edited=&#8221;on|desktop&#8221;]<h1 style=\"text-align: center;\"><strong>Am\u00e9liore l'esth\u00e9tique de votre maison<\/strong><\/h1>\n<p style=\"text-align: justify;\">Une piscine peut transformer votre arri\u00e8re-cour en un oasis personnel. Une piscine dans votre jardin est un \u00e9l\u00e9ment paysager accueillant qui donnera envie \u00e0 tous vos voisins et amis de venir prendre un verre et de profiter d'un apr\u00e8s-midi de d\u00e9tente.<\/p>[\/et_pb_text][\/et_pb_column][et_pb_column type=&#8221;2_3&#8243; _builder_version=&#8221;4.6.6&#8243; background_image=&#8221;https:\/\/margellesdecors.com\/wp-content\/uploads\/2020\/10\/why-pool8.jpg&#8221; custom_padding=&#8221;|||&#8221; custom_padding__hover=&#8221;|||&#8221;][et_pb_divider color=&#8221;rgba(0,0,0,0)&#8221; disabled_on=&#8221;off|off|on&#8221; _builder_version=&#8221;3.23.3&#8243; custom_padding=&#8221;150px||150px||true&#8221;][\/et_pb_divider][\/et_pb_column][\/et_pb_row][\/et_pb_section][et_pb_section fb_built=&#8221;1&#8243; _builder_version=&#8221;3.22.3&#8243; custom_padding=&#8221;3px|0px|3px|0px|true|false&#8221;][et_pb_row column_structure=&#8221;2_3,1_3&#8243; use_custom_gutter=&#8221;on&#8221; gutter_width=&#8221;1&#8243; make_equal=&#8221;on&#8221; padding_top_bottom_link_2=&#8221;true&#8221; padding_left_right_link_2=&#8221;true&#8221; _builder_version=&#8221;4.6.6&#8243; custom_padding=&#8221;||13px|||&#8221;][et_pb_column type=&#8221;2_3&#8243; _builder_version=&#8221;4.6.6&#8243; background_image=&#8221;https:\/\/margellesdecors.com\/wp-content\/uploads\/2020\/10\/why-pool9.jpg&#8221; custom_padding=&#8221;|||&#8221; custom_padding__hover=&#8221;|||&#8221;][et_pb_divider color=&#8221;rgba(0,0,0,0)&#8221; disabled_on=&#8221;off|off|on&#8221; _builder_version=&#8221;3.23.3&#8243; custom_padding=&#8221;150px||150px||true&#8221;][\/et_pb_divider][\/et_pb_column][et_pb_column type=&#8221;1_3&#8243; _builder_version=&#8221;3.25&#8243; background_color=&#8221;#ededed&#8221; custom_padding=&#8221;7%|4%|7%|4%&#8221; custom_padding__hover=&#8221;|||&#8221;][et_pb_text _builder_version=&#8221;4.7.7&#8243; text_font=&#8221;Raleway||||||||&#8221; text_text_color=&#8221;#000000&#8243; text_font_size=&#8221;15px&#8221; text_letter_spacing=&#8221;1px&#8221; text_line_height=&#8221;1.8em&#8221; header_font=&#8221;Poppins|600|||||||&#8221; header_text_color=&#8221;#000000&#8243; header_line_height=&#8221;1.3em&#8221; header_font_size_tablet=&#8221;&#8221; header_font_size_phone=&#8221;25px&#8221; header_font_size_last_edited=&#8221;on|desktop&#8221;]<h1 style=\"text-align: center;\"><strong>\u00c9conomisez de l'argent et amusez-vous<\/strong><\/h1>\n<p style=\"text-align: justify;\">Les vacances, les excursions dans les parcs et les stations de loisirs peuvent co\u00fbter une petite fortune lorsqu'on les additionne au fil des ans. Une piscine dure des ann\u00e9es et peut \u00eatre utilis\u00e9e \u00e0 maintes reprises sans frais suppl\u00e9mentaires autres que l'entretien mineur. C'est un investissement qui en r\u00e9coltera les fruits pour toute une vie.<\/p>[\/et_pb_text][\/et_pb_column][\/et_pb_row][et_pb_row column_structure=&#8221;1_3,2_3&#8243; use_custom_gutter=&#8221;on&#8221; gutter_width=&#8221;1&#8243; make_equal=&#8221;on&#8221; padding_top_bottom_link_1=&#8221;true&#8221; padding_top_bottom_link_2=&#8221;true&#8221; padding_left_right_link_1=&#8221;true&#8221; padding_left_right_link_2=&#8221;true&#8221; _builder_version=&#8221;4.6.6&#8243;][et_pb_column type=&#8221;1_3&#8243; _builder_version=&#8221;3.25&#8243; background_color=&#8221;#ededed&#8221; custom_padding=&#8221;7%|4%|7%|4%&#8221; custom_padding__hover=&#8221;|||&#8221;][et_pb_text _builder_version=&#8221;4.7.7&#8243; text_font=&#8221;Raleway||||||||&#8221; text_text_color=&#8221;#000000&#8243; text_font_size=&#8221;15px&#8221; text_letter_spacing=&#8221;1px&#8221; text_line_height=&#8221;1.8em&#8221; header_font=&#8221;Poppins|600|||||||&#8221; header_text_color=&#8221;#000000&#8243; header_line_height=&#8221;1.3em&#8221; header_font_size_tablet=&#8221;&#8221; header_font_size_phone=&#8221;25px&#8221; header_font_size_last_edited=&#8221;on|desktop&#8221;]<h1 style=\"text-align: center;\"><strong>Augmenter la valeur de votre maison<\/strong><\/h1>\n<p style=\"text-align: justify;\">Une piscine ajoute une touche de luxe \u00e0 votre propri\u00e9t\u00e9 pour l'aider \u00e0 se distinguer des autres lorsqu'elle est sur le march\u00e9 immobilier, augmentant ainsi sa valeur globale. Vous ne voulez peut-\u00eatre pas vendre maintenant, mais lorsque vous le ferez, une piscine pourrait faire une \u00e9norme diff\u00e9rence.<\/p>[\/et_pb_text][\/et_pb_column][et_pb_column type=&#8221;2_3&#8243; _builder_version=&#8221;4.6.6&#8243; background_image=&#8221;https:\/\/margellesdecors.com\/wp-content\/uploads\/2020\/10\/why-pool10.jpg&#8221; custom_padding=&#8221;|||&#8221; custom_padding__hover=&#8221;|||&#8221;][et_pb_divider color=&#8221;rgba(0,0,0,0)&#8221; disabled_on=&#8221;off|off|on&#8221; _builder_version=&#8221;3.23.3&#8243; custom_padding=&#8221;150px||150px||true&#8221;][\/et_pb_divider][\/et_pb_column][\/et_pb_row][\/et_pb_section]","protected":false},"excerpt":{"rendered":"<p>Why have a Pool?10 Great Reasons to Have a Swimming PoolThere are countless benefits of owning a swimming pool. After a long day at work, there\u2019s nothing better than taking a refreshing dip in your private swimming pool. Whether you want a private refuge from the world or a party hub for entertaining family and [&hellip;]<\/p>","protected":false},"author":1,"featured_media":0,"parent":0,"menu_order":0,"comment_status":"closed","ping_status":"closed","template":"","meta":{"_et_pb_use_builder":"on","_et_pb_old_content":"","_et_gb_content_width":"","footnotes":""},"class_list":["post-31","page","type-page","status-publish","hentry"],"_links":{"self":[{"href":"https:\/\/margellesdecors.com\/fr\/wp-json\/wp\/v2\/pages\/31","targetHints":{"allow":["GET"]}}],"collection":[{"href":"https:\/\/margellesdecors.com\/fr\/wp-json\/wp\/v2\/pages"}],"about":[{"href":"https:\/\/margellesdecors.com\/fr\/wp-json\/wp\/v2\/types\/page"}],"author":[{"embeddable":true,"href":"https:\/\/margellesdecors.com\/fr\/wp-json\/wp\/v2\/users\/1"}],"replies":[{"embeddable":true,"href":"https:\/\/margellesdecors.com\/fr\/wp-json\/wp\/v2\/comments?post=31"}],"version-history":[{"count":16,"href":"https:\/\/margellesdecors.com\/fr\/wp-json\/wp\/v2\/pages\/31\/revisions"}],"predecessor-version":[{"id":51482,"href":"https:\/\/margellesdecors.com\/fr\/wp-json\/wp\/v2\/pages\/31\/revisions\/51482"}],"wp:attachment":[{"href":"https:\/\/margellesdecors.com\/fr\/wp-json\/wp\/v2\/media?parent=31"}],"curies":[{"name":"wp","href":"https:\/\/api.w.org\/{rel}","templated":true}]}}