{"id":23,"date":"2020-10-11T15:00:42","date_gmt":"2020-10-11T15:00:42","guid":{"rendered":"http:\/\/margelles.emediasolutions.ca\/?page_id=23"},"modified":"2025-01-18T00:56:04","modified_gmt":"2025-01-18T00:56:04","slug":"pool_renovation","status":"publish","type":"page","link":"https:\/\/margellesdecors.com\/fr\/pool_renovation\/","title":{"rendered":"R\u00c9NOVATION DE PISCINE"},"content":{"rendered":"[et_pb_section fb_built=&#8221;1&#8243; admin_label=&#8221;Hero&#8221; _builder_version=&#8221;4.6.6&#8243; use_background_color_gradient=&#8221;on&#8221; background_color_gradient_start=&#8221;rgba(0,0,0,0.6)&#8221; background_color_gradient_end=&#8221;rgba(0,0,0,0.6)&#8221; background_image=&#8221;https:\/\/margellesdecors.com\/wp-content\/uploads\/2020\/10\/header-margelles-renovation.jpg&#8221; custom_padding=&#8221;110px|0px|110px|0px|false|false&#8221; animation_style=&#8221;zoom&#8221; animation_intensity_zoom=&#8221;4%&#8221;][et_pb_row _builder_version=&#8221;4.6.6&#8243; background_size=&#8221;initial&#8221; background_position=&#8221;top_left&#8221; background_repeat=&#8221;repeat&#8221; custom_margin=&#8221;|||160px|false|false&#8221; custom_margin_tablet=&#8221;&#8221; custom_margin_phone=&#8221;|||60px|false|false&#8221; custom_margin_last_edited=&#8221;on|phone&#8221; custom_padding=&#8221;||||false|false&#8221; animation_style=&#8221;slide&#8221; animation_direction=&#8221;top&#8221; animation_intensity_slide=&#8221;3%&#8221;][et_pb_column type=&#8221;4_4&#8243; _builder_version=&#8221;3.25&#8243; custom_padding=&#8221;|||&#8221; custom_padding__hover=&#8221;|||&#8221;][et_pb_text _builder_version=&#8221;4.7.7&#8243; text_font=&#8221;||||||||&#8221; header_font=&#8221;Raleway|600||on|||||&#8221; header_text_align=&#8221;left&#8221; header_text_color=&#8221;#ffffff&#8221; header_font_size=&#8221;50px&#8221; header_letter_spacing=&#8221;10px&#8221; header_line_height=&#8221;1.2em&#8221; header_2_font=&#8221;||||||||&#8221; background_size=&#8221;initial&#8221; background_position=&#8221;top_left&#8221; background_repeat=&#8221;repeat&#8221; custom_margin=&#8221;|||&#8221; animation_style=&#8221;fade&#8221; header_text_align_tablet=&#8221;center&#8221; header_text_align_phone=&#8221;center&#8221; header_text_align_last_edited=&#8221;on|phone&#8221; header_font_size_tablet=&#8221;40px&#8221; header_font_size_phone=&#8221;25px&#8221; header_font_size_last_edited=&#8221;on|desktop&#8221; header_text_shadow_style=&#8221;preset2&#8243; locked=&#8221;off&#8221;]<h1 style=\"text-align: left;\">R\u00c9NOVATION DE PISCINE<\/h1>[\/et_pb_text][\/et_pb_column][\/et_pb_row][\/et_pb_section][et_pb_section fb_built=&#8221;1&#8243; _builder_version=&#8221;3.23.3&#8243; custom_margin=&#8221;||-1px|||&#8221; custom_padding=&#8221;1px||1px||true|&#8221;][\/et_pb_section][et_pb_section fb_built=&#8221;1&#8243; _builder_version=&#8221;3.23.3&#8243; custom_padding=&#8221;0px||0px||true|&#8221;][et_pb_row use_custom_gutter=&#8221;on&#8221; gutter_width=&#8221;2&#8243; make_equal=&#8221;on&#8221; _builder_version=&#8221;3.25.4&#8243; width_tablet=&#8221;90%&#8221; width_phone=&#8221;90%&#8221; width_last_edited=&#8221;off|phone&#8221; max_width_tablet=&#8221;90%&#8221; max_width_phone=&#8221;90%&#8221; max_width_last_edited=&#8221;off|tablet&#8221; custom_padding=&#8221;50px||6px|||&#8221; animation_direction=&#8221;bottom&#8221;][et_pb_column type=&#8221;4_4&#8243; _builder_version=&#8221;3.25&#8243; custom_padding=&#8221;|||&#8221; custom_padding__hover=&#8221;|||&#8221;][et_pb_text _builder_version=&#8221;4.7.7&#8243; text_font=&#8221;Muli||||||||&#8221; text_text_color=&#8221;#5499D4&#8243; text_font_size=&#8221;16px&#8221; header_font=&#8221;Raleway|800|||||||&#8221; header_text_align=&#8221;center&#8221; header_text_color=&#8221;#000000&#8243; header_font_size=&#8221;40px&#8221; header_letter_spacing=&#8221;3px&#8221; header_line_height=&#8221;1.4em&#8221; text_orientation=&#8221;center&#8221; max_width=&#8221;1115px&#8221; module_alignment=&#8221;center&#8221; custom_margin_tablet=&#8221;-10px||&#8221; custom_margin_phone=&#8221;-10px||&#8221; custom_margin_last_edited=&#8221;on|tablet&#8221; hover_enabled=&#8221;0&#8243; header_font_size_tablet=&#8221;&#8221; header_font_size_phone=&#8221;25px&#8221; header_font_size_last_edited=&#8221;on|desktop&#8221; sticky_enabled=&#8221;0&#8243;]<h1 style=\"text-align: left;\">Donnez un nouveau souffle \u00e0 votre ancienne piscine<\/h1>\n[\/et_pb_text][et_pb_divider color=&#8221;#ffcc00&#8243; divider_weight=&#8221;2px&#8221; _builder_version=&#8221;4.6.6&#8243; max_width=&#8221;80px&#8221; module_alignment=&#8221;center&#8221;][\/et_pb_divider][\/et_pb_column][\/et_pb_row][\/et_pb_section][et_pb_section fb_built=&#8221;1&#8243; _builder_version=&#8221;3.26&#8243; custom_padding=&#8221;25px|0px|25px|0px|true|false&#8221;][et_pb_row column_structure=&#8221;1_3,2_3&#8243; use_custom_gutter=&#8221;on&#8221; gutter_width=&#8221;1&#8243; _builder_version=&#8221;3.26&#8243; custom_padding=&#8221;3px|||||&#8221;][et_pb_column type=&#8221;1_3&#8243; _builder_version=&#8221;3.25&#8243; custom_padding=&#8221;|||&#8221; custom_padding__hover=&#8221;|||&#8221;][et_pb_text content_tablet=&#8221;&#8221; content_phone=&#8221;<p>We specialize in the following :<\/p>\n&#8221; content_last_edited=&#8221;on|phone&#8221; _builder_version=&#8221;4.6.6&#8243; text_font=&#8221;Raleway|700|||||||&#8221; text_text_color=&#8221;#000000&#8243; text_font_size=&#8221;16px&#8221; text_line_height=&#8221;1.8em&#8221; width=&#8221;1000px&#8221; max_width=&#8221;1000px&#8221; custom_margin_tablet=&#8221;&#8221; custom_margin_phone=&#8221;&#8221; custom_margin_last_edited=&#8221;on|desktop&#8221; custom_padding=&#8221;8px||23px||false|false&#8221; custom_padding_tablet=&#8221;||5px||false|false&#8221; custom_padding_phone=&#8221;||0px||false|false&#8221; custom_padding_last_edited=&#8221;on|phone&#8221;]<p>Nous sommes sp\u00e9cialis\u00e9s dans les services de r\u00e9novation suivants :<\/p>[\/et_pb_text][et_pb_blurb use_icon=&#8221;on&#8221; font_icon=&#8221;%%57%%&#8221; icon_color=&#8221;#ffcc00&#8243; icon_placement=&#8221;left&#8221; content_max_width=&#8221;100%&#8221; _builder_version=&#8221;4.6.6&#8243; body_font=&#8221;Poppins||||||||&#8221; body_text_color=&#8221;#000000&#8243; body_font_size=&#8221;15px&#8221; body_line_height=&#8221;2.1em&#8221; custom_padding=&#8221;21px|||&#8221; animation=&#8221;off&#8221; body_text_color__hover_enabled=&#8221;off&#8221; body_text_color__hover=&#8221;#0011ce&#8221; body_letter_spacing__hover_enabled=&#8221;off&#8221; body_letter_spacing__hover=&#8221;1px&#8221;]<p>Recouvrement de la surface des piscines<\/p>[\/et_pb_blurb][et_pb_blurb use_icon=&#8221;on&#8221; font_icon=&#8221;%%57%%&#8221; icon_color=&#8221;#ffcc00&#8243; icon_placement=&#8221;left&#8221; content_max_width=&#8221;100%&#8221; _builder_version=&#8221;4.6.6&#8243; body_font=&#8221;Poppins||||||||&#8221; body_text_color=&#8221;#000000&#8243; body_font_size=&#8221;15px&#8221; body_line_height=&#8221;2.1em&#8221; custom_padding=&#8221;21px|||&#8221; animation=&#8221;off&#8221; body_text_color__hover_enabled=&#8221;off&#8221; body_text_color__hover=&#8221;#0011ce&#8221; body_letter_spacing__hover_enabled=&#8221;off&#8221; body_letter_spacing__hover=&#8221;1px&#8221;]<p>Remplacement et reparation de margelles<\/p>[\/et_pb_blurb][et_pb_blurb use_icon=&#8221;on&#8221; font_icon=&#8221;%%57%%&#8221; icon_color=&#8221;#ffcc00&#8243; icon_placement=&#8221;left&#8221; content_max_width=&#8221;100%&#8221; _builder_version=&#8221;4.6.6&#8243; body_font=&#8221;Poppins||||||||&#8221; body_text_color=&#8221;#000000&#8243; body_font_size=&#8221;15px&#8221; body_line_height=&#8221;2.1em&#8221; max_width_tablet=&#8221;&#8221; max_width_phone=&#8221;90%&#8221; max_width_last_edited=&#8221;on|phone&#8221; custom_padding=&#8221;21px|||&#8221; animation=&#8221;off&#8221; body_text_color__hover=&#8221;#0011ce&#8221; body_text_color__hover_enabled=&#8221;off&#8221; body_letter_spacing__hover=&#8221;1px&#8221; body_letter_spacing__hover_enabled=&#8221;off&#8221;]<p>R\u00e9novation et remplacement de la terrasse de piscine<\/p>[\/et_pb_blurb][et_pb_blurb use_icon=&#8221;on&#8221; font_icon=&#8221;%%57%%&#8221; icon_color=&#8221;#ffcc00&#8243; icon_placement=&#8221;left&#8221; content_max_width=&#8221;100%&#8221; _builder_version=&#8221;4.6.6&#8243; body_font=&#8221;Poppins|500|||||||&#8221; body_text_color=&#8221;#000000&#8243; body_font_size=&#8221;15px&#8221; body_line_height=&#8221;2.1em&#8221; custom_padding=&#8221;21px|||&#8221; animation=&#8221;off&#8221; body_text_color__hover=&#8221;#0011ce&#8221; body_text_color__hover_enabled=&#8221;off&#8221; body_letter_spacing__hover=&#8221;1px&#8221; body_letter_spacing__hover_enabled=&#8221;off&#8221;]<p>Installation d'\u00e9l\u00e9ments d'eau<\/p>[\/et_pb_blurb][et_pb_blurb use_icon=&#8221;on&#8221; font_icon=&#8221;%%57%%&#8221; icon_color=&#8221;#ffcc00&#8243; icon_placement=&#8221;left&#8221; content_max_width=&#8221;100%&#8221; _builder_version=&#8221;4.6.6&#8243; body_font=&#8221;Poppins||||||||&#8221; body_text_color=&#8221;#000000&#8243; body_font_size=&#8221;15px&#8221; body_line_height=&#8221;2.1em&#8221; custom_padding=&#8221;21px|||&#8221; animation=&#8221;off&#8221; body_text_color__hover=&#8221;#0011ce&#8221; body_text_color__hover_enabled=&#8221;off&#8221; body_letter_spacing__hover=&#8221;1px&#8221; body_letter_spacing__hover_enabled=&#8221;off&#8221;]<p>Refaire le carrelage de la piscine<\/p>[\/et_pb_blurb][et_pb_blurb use_icon=&#8221;on&#8221; font_icon=&#8221;%%57%%&#8221; icon_color=&#8221;#ffcc00&#8243; icon_placement=&#8221;left&#8221; content_max_width=&#8221;100%&#8221; _builder_version=&#8221;4.6.6&#8243; body_font=&#8221;Poppins|500|||||||&#8221; body_text_color=&#8221;#000000&#8243; body_font_size=&#8221;15px&#8221; body_line_height=&#8221;2.1em&#8221; custom_padding=&#8221;21px|||&#8221; animation=&#8221;off&#8221; body_text_color__hover=&#8221;#0011ce&#8221; body_text_color__hover_enabled=&#8221;off&#8221; body_letter_spacing__hover=&#8221;1px&#8221; body_letter_spacing__hover_enabled=&#8221;off&#8221;]<p>Changement du rev\u00eatement<\/p>[\/et_pb_blurb][et_pb_blurb use_icon=&#8221;on&#8221; font_icon=&#8221;%%57%%&#8221; icon_color=&#8221;#ffcc00&#8243; icon_placement=&#8221;left&#8221; content_max_width=&#8221;100%&#8221; _builder_version=&#8221;4.6.6&#8243; body_font=&#8221;Poppins||||||||&#8221; body_text_color=&#8221;#000000&#8243; body_font_size=&#8221;15px&#8221; body_line_height=&#8221;2.1em&#8221; custom_padding=&#8221;21px|||&#8221; animation=&#8221;off&#8221; body_text_color__hover=&#8221;#0011ce&#8221; body_text_color__hover_enabled=&#8221;off&#8221; body_letter_spacing__hover=&#8221;1px&#8221; body_letter_spacing__hover_enabled=&#8221;off&#8221;]<p>Remplacement des marches et de l'\u00e9chelle<\/p>[\/et_pb_blurb][et_pb_blurb use_icon=&#8221;on&#8221; font_icon=&#8221;%%57%%&#8221; icon_color=&#8221;#ffcc00&#8243; icon_placement=&#8221;left&#8221; content_max_width=&#8221;100%&#8221; _builder_version=&#8221;4.6.6&#8243; body_font=&#8221;Poppins|500|||||||&#8221; body_text_color=&#8221;#000000&#8243; body_font_size=&#8221;15px&#8221; body_line_height=&#8221;2.1em&#8221; width=&#8221;1000px&#8221; max_width_tablet=&#8221;&#8221; max_width_phone=&#8221;90%&#8221; max_width_last_edited=&#8221;on|phone&#8221; custom_padding=&#8221;21px|||&#8221; animation=&#8221;off&#8221; body_text_color__hover=&#8221;#0011ce&#8221; body_text_color__hover_enabled=&#8221;off&#8221; body_letter_spacing__hover=&#8221;1px&#8221; body_letter_spacing__hover_enabled=&#8221;off&#8221;]<p>Mise \u00e0 jour de la plomberie et de l'\u00e9quipement de votre piscine<\/p>[\/et_pb_blurb][\/et_pb_column][et_pb_column type=&#8221;2_3&#8243; _builder_version=&#8221;3.25&#8243; custom_padding=&#8221;|||&#8221; custom_padding__hover=&#8221;|||&#8221;][\/et_pb_column][\/et_pb_row][\/et_pb_section][et_pb_section fb_built=&#8221;1&#8243; _builder_version=&#8221;4.6.6&#8243; _module_preset=&#8221;default&#8221; custom_padding=&#8221;5px|||||&#8221;][et_pb_row _builder_version=&#8221;4.6.6&#8243; _module_preset=&#8221;default&#8221;][et_pb_column type=&#8221;4_4&#8243; _builder_version=&#8221;4.6.6&#8243; _module_preset=&#8221;default&#8221;][et_pb_image src=&#8221;https:\/\/margellesdecors.com\/wp-content\/uploads\/2020\/10\/Renovation1.jpg&#8221; title_text=&#8221;Renovation1&#8243; _builder_version=&#8221;4.6.6&#8243; _module_preset=&#8221;default&#8221;][\/et_pb_image][\/et_pb_column][\/et_pb_row][\/et_pb_section]","protected":false},"excerpt":{"rendered":"<p>Pool RenovationBreathe new life into your old swimming pool We specialize in the following renovation services:Pool Surface re-plasteringCoping replacement and repairDeck surface refinishing &amp; replacementWater feature installationSwimming pool retilingLiner replacementsSteps and ladder ReplacementUpdating your plumbing and pool equipment<\/p>","protected":false},"author":1,"featured_media":0,"parent":0,"menu_order":0,"comment_status":"closed","ping_status":"closed","template":"","meta":{"_et_pb_use_builder":"on","_et_pb_old_content":"","_et_gb_content_width":"","footnotes":""},"class_list":["post-23","page","type-page","status-publish","hentry"],"_links":{"self":[{"href":"https:\/\/margellesdecors.com\/fr\/wp-json\/wp\/v2\/pages\/23","targetHints":{"allow":["GET"]}}],"collection":[{"href":"https:\/\/margellesdecors.com\/fr\/wp-json\/wp\/v2\/pages"}],"about":[{"href":"https:\/\/margellesdecors.com\/fr\/wp-json\/wp\/v2\/types\/page"}],"author":[{"embeddable":true,"href":"https:\/\/margellesdecors.com\/fr\/wp-json\/wp\/v2\/users\/1"}],"replies":[{"embeddable":true,"href":"https:\/\/margellesdecors.com\/fr\/wp-json\/wp\/v2\/comments?post=23"}],"version-history":[{"count":29,"href":"https:\/\/margellesdecors.com\/fr\/wp-json\/wp\/v2\/pages\/23\/revisions"}],"predecessor-version":[{"id":51486,"href":"https:\/\/margellesdecors.com\/fr\/wp-json\/wp\/v2\/pages\/23\/revisions\/51486"}],"wp:attachment":[{"href":"https:\/\/margellesdecors.com\/fr\/wp-json\/wp\/v2\/media?parent=23"}],"curies":[{"name":"wp","href":"https:\/\/api.w.org\/{rel}","templated":true}]}}